{"id":578,"date":"2025-09-14T18:49:00","date_gmt":"2025-09-14T18:49:00","guid":{"rendered":"https:\/\/chansondebudapest.hu\/?page_id=578"},"modified":"2025-09-24T16:58:49","modified_gmt":"2025-09-24T16:58:49","slug":"chanson-de-budapest-repertoar-musor","status":"publish","type":"page","link":"https:\/\/chansondebudapest.hu\/index.php\/chanson-de-budapest-repertoar-musor\/","title":{"rendered":"Reperto\u00e1runk"},"content":{"rendered":"<p>[et_pb_section fb_built=&#8221;1&#8243; _builder_version=&#8221;4.16&#8243; use_background_color_gradient=&#8221;on&#8221; background_color_gradient_stops=&#8221;rgba(0,0,0,0.75) 0%|rgba(0,0,0,0.75) 100%&#8221; background_color_gradient_overlays_image=&#8221;on&#8221; background_color_gradient_start=&#8221;rgba(0,0,0,0.75)&#8221; background_color_gradient_end=&#8221;rgba(0,0,0,0.75)&#8221; background_image=&#8221;https:\/\/chansondebudapest.hu\/wp-content\/uploads\/2025\/09\/gt-barbar-background-1.jpg&#8221; global_colors_info=&#8221;{}&#8221;][et_pb_row _builder_version=&#8221;4.16&#8243; global_colors_info=&#8221;{}&#8221;][et_pb_column type=&#8221;4_4&#8243; _builder_version=&#8221;4.16&#8243; global_colors_info=&#8221;{}&#8221;][et_pb_text _builder_version=&#8221;4.27.4&#8243; background_layout=&#8221;dark&#8221; global_colors_info=&#8221;{}&#8221;]<\/p>\n<h1>Reperto\u00e1runk<\/h1>\n<p>[\/et_pb_text][\/et_pb_column][\/et_pb_row][\/et_pb_section][et_pb_section fb_built=&#8221;1&#8243; _builder_version=&#8221;4.16&#8243; global_colors_info=&#8221;{}&#8221;][et_pb_row _builder_version=&#8221;4.27.4&#8243; _module_preset=&#8221;default&#8221; global_colors_info=&#8221;{}&#8221;][et_pb_column type=&#8221;4_4&#8243; _builder_version=&#8221;4.27.4&#8243; _module_preset=&#8221;default&#8221; global_colors_info=&#8221;{}&#8221;][et_pb_text _builder_version=&#8221;4.27.4&#8243; _module_preset=&#8221;default&#8221; global_colors_info=&#8221;{}&#8221;]<\/p>\n<p>Chanson de Budapest zenekarunk sz\u00e9les reperto\u00e1rral rendelkezik, amelyb\u0151l az alkalomnak, a helynek, k\u00e9r\u00e9seknek \u00e9s term\u00e9szetesen a lehet\u0151s\u00e9geknek megfelel\u0151en \u00e1ll\u00edtjuk \u00f6ssze a m\u0171sort, \u00e9s k\u00e9rj\u00fck fel az egy\u00fcttes tagjait.<\/p>\n<p>Ismerje meg reperto\u00e1runkat \u00e9s tematikus v\u00e1logat\u00e1sainkat.\u00a0<\/p>\n<p>[\/et_pb_text][\/et_pb_column][\/et_pb_row][et_pb_row column_structure=&#8221;1_2,1_2&#8243; _builder_version=&#8221;4.16&#8243; global_colors_info=&#8221;{}&#8221;][et_pb_column type=&#8221;1_2&#8243; _builder_version=&#8221;4.16&#8243; global_colors_info=&#8221;{}&#8221;][et_pb_accordion open_toggle_text_color=&#8221;#ffffff&#8221; open_toggle_background_color=&#8221;#000000&#8243; closed_toggle_background_color=&#8221;#ffffff&#8221; icon_color=&#8221;#000000&#8243; use_icon_font_size=&#8221;on&#8221; icon_font_size=&#8221;18px&#8221; admin_label=&#8221;Kar\u00e1csonyi v\u00e1logat\u00e1sok&#8221; module_class=&#8221;gt_accordion&#8221; _builder_version=&#8221;4.16&#8243; toggle_level=&#8221;h4&#8243; body_text_color=&#8221;#ffffff&#8221; box_shadow_style=&#8221;preset1&#8243; global_colors_info=&#8221;{}&#8221;][et_pb_accordion_item title=&#8221;Kar\u00e1csonyi v\u00e1logat\u00e1s&#8221; open=&#8221;on&#8221; _builder_version=&#8221;4.16&#8243; global_colors_info=&#8221;{}&#8221;]<\/p>\n<p>A vil\u00e1g legszebb kar\u00e1csonyi m\u0171veit j\u00e1tszuk el a pop sl\u00e1gerekt\u0151l a klasszikus kar\u00e1csonyi dalokig.<\/p>\n<ul>\n<li>Csendes \u00e9j<\/li>\n<li>Adeste fideles<\/li>\n<li>Csendes \u00e9j<\/li>\n<li>Adeste fideles<\/li>\n<li>Csendes \u00e9j<\/li>\n<li>Adeste fideles<\/li>\n<\/ul>\n<p style=\"text-align: right; font-size: 20px;\">\n<p>[\/et_pb_accordion_item][et_pb_accordion_item title=&#8221;Klasszikus kar\u00e1csonyi dalok&#8221; _builder_version=&#8221;4.16&#8243; global_colors_info=&#8221;{}&#8221; open=&#8221;off&#8221;]<\/p>\n<ul>\n<li><\/li>\n<li>Csendes \u00e9j<\/li>\n<li>Adeste fideles<\/li>\n<li>Csendes \u00e9j<\/li>\n<li>Adeste fideles<\/li>\n<li>Csendes \u00e9j<\/li>\n<li>Adeste fideles<\/li>\n<li><\/li>\n<\/ul>\n<p>&nbsp;<\/p>\n<p style=\"text-align: right; font-size: 20px;\">\n<p>[\/et_pb_accordion_item][et_pb_accordion_item title=&#8221;Vid\u00e1m kar\u00e1csony&#8221; _builder_version=&#8221;4.16&#8243; global_colors_info=&#8221;{}&#8221; open=&#8221;off&#8221;]<\/p>\n<p>Az egy\u00fcttl\u00e9t \u00e9s a szeretet m\u00e9g ink\u00e1bb kiteljesedik a vid\u00e1m dallamok sz\u00e1rnyain.<\/p>\n<p style=\"text-align: right; font-size: 20px;\">\n<p>[\/et_pb_accordion_item][et_pb_accordion_item title=&#8221;Beard Trim&#8221; _builder_version=&#8221;4.16&#8243; global_colors_info=&#8221;{}&#8221; open=&#8221;off&#8221;]<\/p>\n<p>Lorem ipsum dolor sit amet, consectetuer adipiscing elit. Donec odio. Quisque volutpat mattis eros.<\/p>\n<p style=\"text-align: right; font-size: 20px;\"><strong>&#8211; $ 24 &#8211;<\/strong><\/p>\n<p>[\/et_pb_accordion_item][\/et_pb_accordion][\/et_pb_column][et_pb_column type=&#8221;1_2&#8243; _builder_version=&#8221;4.16&#8243; global_colors_info=&#8221;{}&#8221;][et_pb_accordion open_toggle_text_color=&#8221;#ffffff&#8221; open_toggle_background_color=&#8221;#000000&#8243; closed_toggle_background_color=&#8221;#ffffff&#8221; icon_color=&#8221;#000000&#8243; use_icon_font_size=&#8221;on&#8221; icon_font_size=&#8221;18px&#8221; admin_label=&#8221;Pesti sl\u00e1gerek&#8221; module_class=&#8221;gt_accordion&#8221; _builder_version=&#8221;4.27.4&#8243; toggle_level=&#8221;h4&#8243; body_text_color=&#8221;#ffffff&#8221; box_shadow_style=&#8221;preset1&#8243; global_colors_info=&#8221;{}&#8221;][et_pb_accordion_item title=&#8221;Pesti sl\u00e1gerek&#8221; open=&#8221;on&#8221; _builder_version=&#8221;4.27.4&#8243; global_colors_info=&#8221;{}&#8221;]<\/p>\n<ul>\n<li>A bankban nincsen bet\u00e9tem<\/li>\n<li>A p\u00e9nzemet \u00e9n m\u00e1ma mind elmulatom<\/li>\n<li>Az \u00e9n bab\u00e1m egy fekete n\u0151<\/li>\n<li>Egy cs\u00f3k \u00e9s m\u00e1s semmi<\/li>\n<li>Egy kis \u00e9des f\u00e9lhom\u00e1lyban<\/li>\n<li>Egy szoknya, egy nadr\u00e1g: Nem n\u0151s\u00fcl\u00f6k soha<\/li>\n<li>Este fess a pesti n\u0151<\/li>\n<li>Hacac\u00e1r\u00e8<\/li>\n<li>Hajm\u00e1si P\u00e9ter, Hajm\u00e1si P\u00e1l<\/li>\n<li>Jaj, cica, eszem azt a cs\u00f6pp kis sz\u00e1d<\/li>\n<li>Havi 200 peng\u0151 fixel, az ember k\u00f6nnyen viccel<\/li>\n<li>Hell\u00f3 Baby<\/li>\n<li>Jamaikai trombit\u00e1s<\/li>\n<li>Maga n\u0151s ember vagy boldog<\/li>\n<li>M\u00e1jus \u00e9jszak\u00e1n, mir\u0151l \u00e1lmodik a l\u00e1ny<\/li>\n<li>Meseaut\u00f3<\/li>\n<li>Mindig az a perc a legszebb perc<\/li>\n<li>Odavagyok mag\u00e1\u00e9rt<\/li>\n<li>P\u00e1, kis aranyom, p\u00e1<\/li>\n<li>Pest meg\u00e9r egy est\u00e9t<\/li>\n<\/ul>\n<p>[\/et_pb_accordion_item][et_pb_accordion_item title=&#8221;Operadallamok&#8221; _builder_version=&#8221;4.27.4&#8243; _module_preset=&#8221;default&#8221; global_colors_info=&#8221;{}&#8221; open=&#8221;off&#8221;]<\/p>\n<p>A legszebb opera\u00e1ri\u00e1k \u00e9s operar\u00e9szletek csend\u00fclnek fel a kellemes m\u0171sorban.<\/p>\n<p><span>A bankban nincsen bet\u00e9tem<\/span><br data-start=\"86\" data-end=\"89\" \/><span>A p\u00e9nzemet \u00e9n m\u00e1ma mind elmulatom<\/span><br data-start=\"122\" data-end=\"125\" data-is-only-node=\"\" \/><span>Az \u00e9n bab\u00e1m egy fekete n\u0151<\/span><br data-start=\"150\" data-end=\"153\" \/><span>Egy cs\u00f3k \u00e9s m\u00e1s semmi<\/span><br data-start=\"174\" data-end=\"177\" \/><span>Egy kis \u00e9des f\u00e9lhom\u00e1lyban<\/span><br data-start=\"202\" data-end=\"205\" \/><span>Egy szoknya, egy nadr\u00e1g: Nem n\u0151s\u00fcl\u00f6k soha<\/span><br data-start=\"246\" data-end=\"249\" \/><span>Este fess a pesti n\u0151<\/span><br data-start=\"269\" data-end=\"272\" \/><span>Hacac\u00e1r\u00e8<\/span><br data-start=\"280\" data-end=\"283\" \/><span>Hajm\u00e1si P\u00e9ter, Hajm\u00e1si P\u00e1l<\/span><br data-start=\"309\" data-end=\"312\" \/><span>Jaj, cica, eszem azt a cs\u00f6pp kis sz\u00e1d<\/span><br data-start=\"349\" data-end=\"352\" \/><span>Havi 200 peng\u0151 fixel, az ember k\u00f6nnyen viccel<\/span><\/p>\n<p>[\/et_pb_accordion_item][\/et_pb_accordion][\/et_pb_column][\/et_pb_row][et_pb_row column_structure=&#8221;1_4,1_4,1_4,1_4&#8243; _builder_version=&#8221;4.16&#8243; global_colors_info=&#8221;{}&#8221;][et_pb_column type=&#8221;1_4&#8243; _builder_version=&#8221;4.16&#8243; global_colors_info=&#8221;{}&#8221;][et_pb_circle_counter title=&#8221;magyar sl\u00e1ger a &#8217;20-as \u00e9vekb\u0151l&#8221; number=&#8221;21&#8243; percent_sign=&#8221;off&#8221; _builder_version=&#8221;4.27.4&#8243; max_width=&#8221;180px&#8221; hover_enabled=&#8221;0&#8243; global_colors_info=&#8221;{}&#8221; bar_bg_color=&#8221;#fcd21d&#8221; sticky_enabled=&#8221;0&#8243;][\/et_pb_circle_counter][\/et_pb_column][et_pb_column type=&#8221;1_4&#8243; _builder_version=&#8221;4.16&#8243; global_colors_info=&#8221;{}&#8221;][et_pb_circle_counter title=&#8221;klasszikus dallam&#8221; number=&#8221;44&#8243; percent_sign=&#8221;off&#8221; _builder_version=&#8221;4.27.4&#8243; max_width=&#8221;180px&#8221; hover_enabled=&#8221;0&#8243; global_colors_info=&#8221;{}&#8221; bar_bg_color=&#8221;#fcd21d&#8221; sticky_enabled=&#8221;0&#8243;][\/et_pb_circle_counter][\/et_pb_column][et_pb_column type=&#8221;1_4&#8243; _builder_version=&#8221;4.16&#8243; global_colors_info=&#8221;{}&#8221;][et_pb_circle_counter title=&#8221;dallam amit ismersz&#8221; number=&#8221;99&#8243; percent_sign=&#8221;off&#8221; _builder_version=&#8221;4.27.4&#8243; max_width=&#8221;180px&#8221; hover_enabled=&#8221;0&#8243; global_colors_info=&#8221;{}&#8221; bar_bg_color=&#8221;#fcd21d&#8221; sticky_enabled=&#8221;0&#8243;][\/et_pb_circle_counter][\/et_pb_column][et_pb_column type=&#8221;1_4&#8243; _builder_version=&#8221;4.16&#8243; global_colors_info=&#8221;{}&#8221;][et_pb_circle_counter title=&#8221;sl\u00e1ger amit f\u00fcty\u00fclni szokt\u00e1l&#8221; number=&#8221;33&#8243; percent_sign=&#8221;off&#8221; _builder_version=&#8221;4.27.4&#8243; max_width=&#8221;180px&#8221; hover_enabled=&#8221;0&#8243; global_colors_info=&#8221;{}&#8221; bar_bg_color=&#8221;#fcd21d&#8221; sticky_enabled=&#8221;0&#8243;][\/et_pb_circle_counter][\/et_pb_column][\/et_pb_row][et_pb_row _builder_version=&#8221;4.27.4&#8243; _module_preset=&#8221;default&#8221; global_colors_info=&#8221;{}&#8221;][et_pb_column type=&#8221;4_4&#8243; _builder_version=&#8221;4.27.4&#8243; _module_preset=&#8221;default&#8221; global_colors_info=&#8221;{}&#8221;][et_pb_text _builder_version=&#8221;4.27.4&#8243; _module_preset=&#8221;default&#8221; hover_enabled=&#8221;0&#8243; global_colors_info=&#8221;{}&#8221; sticky_enabled=&#8221;0&#8243;]<\/p>\n<h2 style=\"text-align: center;\">Keresse meg kedvenc dalait<\/h2>\n<p>[\/et_pb_text][\/et_pb_column][\/et_pb_row][et_pb_row _builder_version=&#8221;4.16&#8243; global_colors_info=&#8221;{}&#8221; theme_builder_area=&#8221;post_content&#8221;][et_pb_column type=&#8221;4_4&#8243; _builder_version=&#8221;4.16&#8243; global_colors_info=&#8221;{}&#8221; theme_builder_area=&#8221;post_content&#8221;][et_pb_button button_url=&#8221;\/book-an-appointment\/&#8221; button_text=&#8221;Let\u00f6lt\u00f6m a teljes reperto\u00e1rt PDF-ben&#8221; button_alignment=&#8221;center&#8221; _builder_version=&#8221;4.27.4&#8243; hover_enabled=&#8221;0&#8243; global_colors_info=&#8221;{}&#8221; theme_builder_area=&#8221;post_content&#8221; sticky_enabled=&#8221;0&#8243; background_layout=&#8221;dark&#8221; custom_button=&#8221;on&#8221; button_text_color=&#8221;#FFFFFF&#8221; button_bg_color=&#8221;#000000&#8243; button_bg_enable_color=&#8221;on&#8221;][\/et_pb_button][\/et_pb_column][\/et_pb_row][et_pb_row column_structure=&#8221;1_2,1_2&#8243; _builder_version=&#8221;4.16&#8243; global_colors_info=&#8221;{}&#8221;][et_pb_column type=&#8221;1_2&#8243; _builder_version=&#8221;4.16&#8243; global_colors_info=&#8221;{}&#8221;][et_pb_text _builder_version=&#8221;4.27.4&#8243; global_colors_info=&#8221;{}&#8221;]<\/p>\n<p><span>A bankban nincsen bet\u00e9tem<\/span><br data-start=\"86\" data-end=\"89\" \/><span>A p\u00e9nzemet \u00e9n m\u00e1ma mind elmulatom<\/span><br data-start=\"122\" data-end=\"125\" data-is-only-node=\"\" \/><span>Az \u00e9n bab\u00e1m egy fekete n\u0151<\/span><br data-start=\"150\" data-end=\"153\" \/><span>Egy cs\u00f3k \u00e9s m\u00e1s semmi<\/span><br data-start=\"174\" data-end=\"177\" \/><span>Egy kis \u00e9des f\u00e9lhom\u00e1lyban<\/span><br data-start=\"202\" data-end=\"205\" \/><span>Egy szoknya, egy nadr\u00e1g: Nem n\u0151s\u00fcl\u00f6k soha<\/span><br data-start=\"246\" data-end=\"249\" \/><span>Este fess a pesti n\u0151<\/span><br data-start=\"269\" data-end=\"272\" \/><span>Hacac\u00e1r\u00e8<\/span><br data-start=\"280\" data-end=\"283\" \/><span>Hajm\u00e1si P\u00e9ter, Hajm\u00e1si P\u00e1l<\/span><br data-start=\"309\" data-end=\"312\" \/><span>Jaj, cica, eszem azt a cs\u00f6pp kis sz\u00e1d<\/span><br data-start=\"349\" data-end=\"352\" \/><span>Havi 200 peng\u0151 fixel, az ember k\u00f6nnyen viccel<\/span><br data-start=\"397\" data-end=\"400\" \/><span>Hell\u00f3 Baby<\/span><br data-start=\"410\" data-end=\"413\" \/><span>Jamaikai trombit\u00e1s<\/span><br data-start=\"431\" data-end=\"434\" \/><span>Maga n\u0151s ember vagy boldog<\/span><br data-start=\"460\" data-end=\"463\" \/><span>M\u00e1jus \u00e9jszak\u00e1n, mir\u0151l \u00e1lmodik a l\u00e1ny<\/span><br data-start=\"499\" data-end=\"502\" \/><span>Meseaut\u00f3<\/span><br data-start=\"510\" data-end=\"513\" \/><span>Mindig az a perc a legszebb perc<\/span><br data-start=\"545\" data-end=\"548\" \/><span>Odavagyok mag\u00e1\u00e9rt<\/span><br data-start=\"565\" data-end=\"568\" \/><span>P\u00e1, kis aranyom, p\u00e1<\/span><br data-start=\"587\" data-end=\"590\" \/><span>Pest meg\u00e9r egy est\u00e9t<\/span><\/p>\n<p>[\/et_pb_text][\/et_pb_column][et_pb_column type=&#8221;1_2&#8243; _builder_version=&#8221;4.16&#8243; global_colors_info=&#8221;{}&#8221;][et_pb_text _builder_version=&#8221;4.16&#8243; global_colors_info=&#8221;{}&#8221;]<\/p>\n<p><span>A bankban nincsen bet\u00e9tem<\/span><br data-start=\"86\" data-end=\"89\" \/><span>A p\u00e9nzemet \u00e9n m\u00e1ma mind elmulatom<\/span><br data-start=\"122\" data-end=\"125\" data-is-only-node=\"\" \/><span>Az \u00e9n bab\u00e1m egy fekete n\u0151<\/span><br data-start=\"150\" data-end=\"153\" \/><span>Egy cs\u00f3k \u00e9s m\u00e1s semmi<\/span><br data-start=\"174\" data-end=\"177\" \/><span>Egy kis \u00e9des f\u00e9lhom\u00e1lyban<\/span><br data-start=\"202\" data-end=\"205\" \/><span>Egy szoknya, egy nadr\u00e1g: Nem n\u0151s\u00fcl\u00f6k soha<\/span><br data-start=\"246\" data-end=\"249\" \/><span>Este fess a pesti n\u0151<\/span><br data-start=\"269\" data-end=\"272\" \/><span>Hacac\u00e1r\u00e8<\/span><br data-start=\"280\" data-end=\"283\" \/><span>Hajm\u00e1si P\u00e9ter, Hajm\u00e1si P\u00e1l<\/span><br data-start=\"309\" data-end=\"312\" \/><span>Jaj, cica, eszem azt a cs\u00f6pp kis sz\u00e1d<\/span><br data-start=\"349\" data-end=\"352\" \/><span>Havi 200 peng\u0151 fixel, az ember k\u00f6nnyen viccel<\/span><br data-start=\"397\" data-end=\"400\" \/><span>Hell\u00f3 Baby<\/span><br data-start=\"410\" data-end=\"413\" \/><span>Jamaikai trombit\u00e1s<\/span><br data-start=\"431\" data-end=\"434\" \/><span>Maga n\u0151s ember vagy boldog<\/span><br data-start=\"460\" data-end=\"463\" \/><span>M\u00e1jus \u00e9jszak\u00e1n, mir\u0151l \u00e1lmodik a l\u00e1ny<\/span><br data-start=\"499\" data-end=\"502\" \/><span>Meseaut\u00f3<\/span><br data-start=\"510\" data-end=\"513\" \/><span>Mindig az a perc a legszebb perc<\/span><br data-start=\"545\" data-end=\"548\" \/><span>Odavagyok mag\u00e1\u00e9rt<\/span><br data-start=\"565\" data-end=\"568\" \/><span>P\u00e1, kis aranyom, p\u00e1<\/span><br data-start=\"587\" data-end=\"590\" \/><span>Pest meg\u00e9r egy est\u00e9t<\/span><\/p>\n<p>[\/et_pb_text][\/et_pb_column][\/et_pb_row][et_pb_row column_structure=&#8221;1_2,1_2&#8243; _builder_version=&#8221;4.16&#8243; global_colors_info=&#8221;{}&#8221; disabled_on=&#8221;on|on|on&#8221; disabled=&#8221;on&#8221;][et_pb_column type=&#8221;1_2&#8243; _builder_version=&#8221;4.16&#8243; global_colors_info=&#8221;{}&#8221;][et_pb_image src=&#8221;https:\/\/chansondebudapest.hu\/wp-content\/uploads\/2025\/09\/gt-barbar-img-4.jpg&#8221; title_text=&#8221;gt-barbar-img-4&#8243; _builder_version=&#8221;4.16&#8243; animation_style=&#8221;fade&#8221; box_shadow_style=&#8221;preset1&#8243; global_colors_info=&#8221;{}&#8221;][\/et_pb_image][\/et_pb_column][et_pb_column type=&#8221;1_2&#8243; _builder_version=&#8221;4.16&#8243; global_colors_info=&#8221;{}&#8221;][et_pb_blurb title=&#8221;Subtitle&#8221; use_icon=&#8221;on&#8221; font_icon=&#8221;&#x59;||divi||400&#8243; icon_placement=&#8221;left&#8221; _builder_version=&#8221;4.16&#8243; global_colors_info=&#8221;{}&#8221;]Lorem ipsum dolor sit amet, consectetuer adipiscing elit. Donec odio. Quisque volutpat mattis eros. Nullam malesuada erat ut turpis. Suspendisse urna nibh, viverra non, semper suscipit, posuere a, pede.[\/et_pb_blurb][et_pb_blurb title=&#8221;Subtitle&#8221; use_icon=&#8221;on&#8221; font_icon=&#8221;&#x59;||divi||400&#8243; icon_placement=&#8221;left&#8221; _builder_version=&#8221;4.16&#8243; global_colors_info=&#8221;{}&#8221;]Lorem ipsum dolor sit amet, consectetuer adipiscing elit. Donec odio. Quisque volutpat mattis eros. Nullam malesuada erat ut turpis. Suspendisse urna nibh, viverra non, semper suscipit, posuere a, pede.[\/et_pb_blurb][\/et_pb_column][\/et_pb_row][\/et_pb_section]<\/p>\n","protected":false},"excerpt":{"rendered":"<p>Reperto\u00e1runkChanson de Budapest zenekarunk sz\u00e9les reperto\u00e1rral rendelkezik, amelyb\u0151l az alkalomnak, a helynek, k\u00e9r\u00e9seknek \u00e9s term\u00e9szetesen a lehet\u0151s\u00e9geknek megfelel\u0151en \u00e1ll\u00edtjuk \u00f6ssze a m\u0171sort, \u00e9s k\u00e9rj\u00fck fel az egy\u00fcttes tagjait. Ismerje meg reperto\u00e1runkat \u00e9s tematikus v\u00e1logat\u00e1sainkat.\u00a0A vil\u00e1g legszebb kar\u00e1csonyi m\u0171veit j\u00e1tszuk el a pop sl\u00e1gerekt\u0151l a klasszikus kar\u00e1csonyi dalokig. Csendes \u00e9j Adeste fideles Csendes \u00e9j Adeste fideles [&hellip;]<\/p>\n","protected":false},"author":2,"featured_media":0,"parent":0,"menu_order":0,"comment_status":"closed","ping_status":"closed","template":"","meta":{"_et_pb_use_builder":"on","_et_pb_old_content":"","_et_gb_content_width":"","footnotes":""},"class_list":["post-578","page","type-page","status-publish","hentry"],"_links":{"self":[{"href":"https:\/\/chansondebudapest.hu\/index.php\/wp-json\/wp\/v2\/pages\/578","targetHints":{"allow":["GET"]}}],"collection":[{"href":"https:\/\/chansondebudapest.hu\/index.php\/wp-json\/wp\/v2\/pages"}],"about":[{"href":"https:\/\/chansondebudapest.hu\/index.php\/wp-json\/wp\/v2\/types\/page"}],"author":[{"embeddable":true,"href":"https:\/\/chansondebudapest.hu\/index.php\/wp-json\/wp\/v2\/users\/2"}],"replies":[{"embeddable":true,"href":"https:\/\/chansondebudapest.hu\/index.php\/wp-json\/wp\/v2\/comments?post=578"}],"version-history":[{"count":11,"href":"https:\/\/chansondebudapest.hu\/index.php\/wp-json\/wp\/v2\/pages\/578\/revisions"}],"predecessor-version":[{"id":622,"href":"https:\/\/chansondebudapest.hu\/index.php\/wp-json\/wp\/v2\/pages\/578\/revisions\/622"}],"wp:attachment":[{"href":"https:\/\/chansondebudapest.hu\/index.php\/wp-json\/wp\/v2\/media?parent=578"}],"curies":[{"name":"wp","href":"https:\/\/api.w.org\/{rel}","templated":true}]}}